{"id":3203,"date":"2025-03-05T12:52:52","date_gmt":"2025-03-05T12:52:52","guid":{"rendered":"https:\/\/parnulillestuudio.ee\/product\/lauren-x-magrada-taastav-kehakreem\/"},"modified":"2026-03-24T10:56:12","modified_gmt":"2026-03-24T08:56:12","slug":"lauren-x-magrada-taastav-kehakreem","status":"publish","type":"product","link":"https:\/\/parnulillestuudio.ee\/ru\/product\/lauren-x-magrada-taastav-kehakreem\/","title":{"rendered":"LAUREN x MAGRADA: TAASTAV KEHAKREEM"},"content":{"rendered":"<p>Hellita end Magrada x Lauren Padari taastava kehakreemiga \u2013 see on just see, mida sinu nahk on oodanud! Unusta kuiv ja tuhm nahk \u2013 see kehakreem on t\u00f5eline toitainete kokteil kuivale nahale.<\/p>\n<p>Luksuslik segu seitsmest taime\u00f5list, lilleekstraktidest ning E-vitamiinist tungib s\u00fcgavale sinu nahka, toites seda rikkaliku niisutusega ning taastades elastsuse ja loomuliku kaitsebarj\u00e4\u00e4ri. Eksklusiivne valge pojengi- ja karikakra ekstraktide kombinatsioon rahustab ja kaitseb nahka. Siidine ja kerge tekstuur imendub kiiresti j\u00e4ttes nahale taevaliku aroomi ja \u00fclipehme tunde.<\/p>\n","protected":false},"excerpt":{"rendered":"<p>Hellita end Magrada x Lauren Padari taastava kehakreemiga \u2013 see on just see, mida sinu nahk on oodanud! Unusta kuiv ja tuhm nahk \u2013 see kehakreem on t\u00f5eline toitainete kokteil kuivale nahale. Luksuslik segu seitsmest taime\u00f5list, lilleekstraktidest ning E-vitamiinist tungib s\u00fcgavale sinu nahka, toites seda rikkaliku niisutusega ning taastades elastsuse ja loomuliku kaitsebarj\u00e4\u00e4ri. Eksklusiivne valge [&hellip;]<\/p>\n","protected":false},"featured_media":4180,"template":"","meta":{"_acf_changed":false},"product_brand":[],"product_cat":[165],"product_tag":[],"class_list":{"0":"post-3203","1":"product","2":"type-product","3":"status-publish","4":"has-post-thumbnail","6":"product_cat-kosmeetika","8":"first","9":"instock","10":"taxable","11":"shipping-taxable","12":"purchasable","13":"product-type-simple"},"acf":[],"_links":{"self":[{"href":"https:\/\/parnulillestuudio.ee\/ru\/wp-json\/wp\/v2\/product\/3203","targetHints":{"allow":["GET"]}}],"collection":[{"href":"https:\/\/parnulillestuudio.ee\/ru\/wp-json\/wp\/v2\/product"}],"about":[{"href":"https:\/\/parnulillestuudio.ee\/ru\/wp-json\/wp\/v2\/types\/product"}],"wp:featuredmedia":[{"embeddable":true,"href":"https:\/\/parnulillestuudio.ee\/ru\/wp-json\/wp\/v2\/media\/4180"}],"wp:attachment":[{"href":"https:\/\/parnulillestuudio.ee\/ru\/wp-json\/wp\/v2\/media?parent=3203"}],"wp:term":[{"taxonomy":"product_brand","embeddable":true,"href":"https:\/\/parnulillestuudio.ee\/ru\/wp-json\/wp\/v2\/product_brand?post=3203"},{"taxonomy":"product_cat","embeddable":true,"href":"https:\/\/parnulillestuudio.ee\/ru\/wp-json\/wp\/v2\/product_cat?post=3203"},{"taxonomy":"product_tag","embeddable":true,"href":"https:\/\/parnulillestuudio.ee\/ru\/wp-json\/wp\/v2\/product_tag?post=3203"}],"curies":[{"name":"wp","href":"https:\/\/api.w.org\/{rel}","templated":true}]}}