{"id":3197,"date":"2025-03-05T12:52:51","date_gmt":"2025-03-05T12:52:51","guid":{"rendered":"https:\/\/parnulillestuudio.ee\/product\/pojengi-kehakreem\/"},"modified":"2026-03-24T10:56:09","modified_gmt":"2026-03-24T08:56:09","slug":"pojengi-kehakreem","status":"publish","type":"product","link":"https:\/\/parnulillestuudio.ee\/ru\/product\/pojengi-kehakreem\/","title":{"rendered":"Pojengi kehakreem"},"content":{"rendered":"<p>Nahk januleb niisutuse j\u00e4rgi? Kehakreem toob sinuni looduse j\u00f5u, kandes endas maagilist segu seitsmest hoolikalt valitud taime\u00f5list. Kreemi rikastab orgaaniline k\u00fcdooniaekstrakt, t\u00f5eline antioks\u00fcdantide ja C-vitamiini allikas, mis hoiab naha niiskustasakaalu. See kiiresti imenduv kehakreem toetab rakkude uuenemist ja elastsuse s\u00e4ilimist, pakkudes nahale nooruslikku s\u00e4ra. Pojengiekstrakti ja h\u00fcaluroonhappe duo suurep\u00e4rane veesidumisv\u00f5ime tagab naha s\u00fcgava ja kauakestva niisutatuse.<\/p>\n","protected":false},"excerpt":{"rendered":"<p>Nahk januleb niisutuse j\u00e4rgi? Kehakreem toob sinuni looduse j\u00f5u, kandes endas maagilist segu seitsmest hoolikalt valitud taime\u00f5list. Kreemi rikastab orgaaniline k\u00fcdooniaekstrakt, t\u00f5eline antioks\u00fcdantide ja C-vitamiini allikas, mis hoiab naha niiskustasakaalu. See kiiresti imenduv kehakreem toetab rakkude uuenemist ja elastsuse s\u00e4ilimist, pakkudes nahale nooruslikku s\u00e4ra. Pojengiekstrakti ja h\u00fcaluroonhappe duo suurep\u00e4rane veesidumisv\u00f5ime tagab naha s\u00fcgava ja kauakestva [&hellip;]<\/p>\n","protected":false},"featured_media":3549,"template":"","meta":{"_acf_changed":false},"product_brand":[],"product_cat":[165],"product_tag":[],"class_list":{"0":"post-3197","1":"product","2":"type-product","3":"status-publish","4":"has-post-thumbnail","6":"product_cat-kosmeetika","8":"first","9":"outofstock","10":"taxable","11":"shipping-taxable","12":"purchasable","13":"product-type-simple"},"acf":[],"_links":{"self":[{"href":"https:\/\/parnulillestuudio.ee\/ru\/wp-json\/wp\/v2\/product\/3197","targetHints":{"allow":["GET"]}}],"collection":[{"href":"https:\/\/parnulillestuudio.ee\/ru\/wp-json\/wp\/v2\/product"}],"about":[{"href":"https:\/\/parnulillestuudio.ee\/ru\/wp-json\/wp\/v2\/types\/product"}],"wp:featuredmedia":[{"embeddable":true,"href":"https:\/\/parnulillestuudio.ee\/ru\/wp-json\/wp\/v2\/media\/3549"}],"wp:attachment":[{"href":"https:\/\/parnulillestuudio.ee\/ru\/wp-json\/wp\/v2\/media?parent=3197"}],"wp:term":[{"taxonomy":"product_brand","embeddable":true,"href":"https:\/\/parnulillestuudio.ee\/ru\/wp-json\/wp\/v2\/product_brand?post=3197"},{"taxonomy":"product_cat","embeddable":true,"href":"https:\/\/parnulillestuudio.ee\/ru\/wp-json\/wp\/v2\/product_cat?post=3197"},{"taxonomy":"product_tag","embeddable":true,"href":"https:\/\/parnulillestuudio.ee\/ru\/wp-json\/wp\/v2\/product_tag?post=3197"}],"curies":[{"name":"wp","href":"https:\/\/api.w.org\/{rel}","templated":true}]}}