{"id":3194,"date":"2025-03-05T12:52:50","date_gmt":"2025-03-05T12:52:50","guid":{"rendered":"https:\/\/parnulillestuudio.ee\/product\/pojengi-kehakoorija\/"},"modified":"2026-03-24T10:56:02","modified_gmt":"2026-03-24T08:56:02","slug":"pojengi-kehakoorija","status":"publish","type":"product","link":"https:\/\/parnulillestuudio.ee\/ru\/product\/pojengi-kehakoorija\/","title":{"rendered":"Pojengi kehakoorija"},"content":{"rendered":"<p>Kehakoorija \u00fchendab endas pojengi\u00f5ied ja puuvilja\u00f5lide hellitava pehmuse. \u00d5rn kooriv tekstuur ergutab vereringet, elavdab naha s\u00e4ra ja j\u00e4tab sellele pojengi aroominoodid. Toitev v\u00e4rvohaka-, aprikoosi-, ja jojoobi\u00f5li trio sulandub nahal, pakkudes rikkalikku niisutust. Musta leedrimarjaekstrakt rahustab \u00e4rritunud nahka. Aroominootides peitub looduslik elegants, millel on delikaatne magusus ja v\u00e4rske lille\u00f5ie puudutus, kandes endas rahustavaid ning rikkalikke noote.<\/p>\n","protected":false},"excerpt":{"rendered":"<p>Kehakoorija \u00fchendab endas pojengi\u00f5ied ja puuvilja\u00f5lide hellitava pehmuse. \u00d5rn kooriv tekstuur ergutab vereringet, elavdab naha s\u00e4ra ja j\u00e4tab sellele pojengi aroominoodid. Toitev v\u00e4rvohaka-, aprikoosi-, ja jojoobi\u00f5li trio sulandub nahal, pakkudes rikkalikku niisutust. Musta leedrimarjaekstrakt rahustab \u00e4rritunud nahka. Aroominootides peitub looduslik elegants, millel on delikaatne magusus ja v\u00e4rske lille\u00f5ie puudutus, kandes endas rahustavaid ning rikkalikke noote.<\/p>\n","protected":false},"featured_media":3640,"template":"","meta":{"_acf_changed":false},"product_brand":[],"product_cat":[165],"product_tag":[],"class_list":{"0":"post-3194","1":"product","2":"type-product","3":"status-publish","4":"has-post-thumbnail","6":"product_cat-kosmeetika","8":"first","9":"outofstock","10":"taxable","11":"shipping-taxable","12":"purchasable","13":"product-type-simple"},"acf":[],"_links":{"self":[{"href":"https:\/\/parnulillestuudio.ee\/ru\/wp-json\/wp\/v2\/product\/3194","targetHints":{"allow":["GET"]}}],"collection":[{"href":"https:\/\/parnulillestuudio.ee\/ru\/wp-json\/wp\/v2\/product"}],"about":[{"href":"https:\/\/parnulillestuudio.ee\/ru\/wp-json\/wp\/v2\/types\/product"}],"wp:featuredmedia":[{"embeddable":true,"href":"https:\/\/parnulillestuudio.ee\/ru\/wp-json\/wp\/v2\/media\/3640"}],"wp:attachment":[{"href":"https:\/\/parnulillestuudio.ee\/ru\/wp-json\/wp\/v2\/media?parent=3194"}],"wp:term":[{"taxonomy":"product_brand","embeddable":true,"href":"https:\/\/parnulillestuudio.ee\/ru\/wp-json\/wp\/v2\/product_brand?post=3194"},{"taxonomy":"product_cat","embeddable":true,"href":"https:\/\/parnulillestuudio.ee\/ru\/wp-json\/wp\/v2\/product_cat?post=3194"},{"taxonomy":"product_tag","embeddable":true,"href":"https:\/\/parnulillestuudio.ee\/ru\/wp-json\/wp\/v2\/product_tag?post=3194"}],"curies":[{"name":"wp","href":"https:\/\/api.w.org\/{rel}","templated":true}]}}