{"id":3039,"date":"2025-03-03T20:59:00","date_gmt":"2025-03-03T20:59:00","guid":{"rendered":"https:\/\/parnulillestuudio.ee\/product\/martini-asti-75cl-75vol\/"},"modified":"2026-03-24T10:56:03","modified_gmt":"2026-03-24T08:56:03","slug":"martini-asti-75cl-75vol","status":"publish","type":"product","link":"https:\/\/parnulillestuudio.ee\/ru\/product\/martini-asti-75cl-75vol\/","title":{"rendered":"&#8212; Martini Asti 75cl 7,5%vol"},"content":{"rendered":"<p>T\u00e4helepanu ! Tegemist on alkoholiga, alkohol v\u00f5ib kahjustada teie tervist! Kulleril on \u00f5igus kauba \u00fcleandmisel k\u00fcsida saajalt isikut t\u00f5endavat dokumenti.<\/p>\n","protected":false},"excerpt":{"rendered":"<p>T\u00e4helepanu ! Tegemist on alkoholiga, alkohol v\u00f5ib kahjustada teie tervist! Kulleril on \u00f5igus kauba \u00fcleandmisel k\u00fcsida saajalt isikut t\u00f5endavat dokumenti.<\/p>\n","protected":false},"featured_media":3269,"template":"","meta":{"_acf_changed":false},"product_brand":[],"product_cat":[163],"product_tag":[],"class_list":{"0":"post-3039","1":"product","2":"type-product","3":"status-publish","4":"has-post-thumbnail","6":"product_cat-alkohol","8":"first","9":"instock","10":"taxable","11":"shipping-taxable","12":"purchasable","13":"product-type-simple"},"acf":[],"_links":{"self":[{"href":"https:\/\/parnulillestuudio.ee\/ru\/wp-json\/wp\/v2\/product\/3039","targetHints":{"allow":["GET"]}}],"collection":[{"href":"https:\/\/parnulillestuudio.ee\/ru\/wp-json\/wp\/v2\/product"}],"about":[{"href":"https:\/\/parnulillestuudio.ee\/ru\/wp-json\/wp\/v2\/types\/product"}],"wp:featuredmedia":[{"embeddable":true,"href":"https:\/\/parnulillestuudio.ee\/ru\/wp-json\/wp\/v2\/media\/3269"}],"wp:attachment":[{"href":"https:\/\/parnulillestuudio.ee\/ru\/wp-json\/wp\/v2\/media?parent=3039"}],"wp:term":[{"taxonomy":"product_brand","embeddable":true,"href":"https:\/\/parnulillestuudio.ee\/ru\/wp-json\/wp\/v2\/product_brand?post=3039"},{"taxonomy":"product_cat","embeddable":true,"href":"https:\/\/parnulillestuudio.ee\/ru\/wp-json\/wp\/v2\/product_cat?post=3039"},{"taxonomy":"product_tag","embeddable":true,"href":"https:\/\/parnulillestuudio.ee\/ru\/wp-json\/wp\/v2\/product_tag?post=3039"}],"curies":[{"name":"wp","href":"https:\/\/api.w.org\/{rel}","templated":true}]}}