{"id":1313,"date":"2025-01-26T21:35:07","date_gmt":"2025-01-26T19:35:07","guid":{"rendered":"https:\/\/parnulillestuudio.ee\/product\/onne-sunnipaevaks-m\/"},"modified":"2026-03-24T10:56:03","modified_gmt":"2026-03-24T08:56:03","slug":"onne-sunnipaevaks-m","status":"publish","type":"product","link":"https:\/\/parnulillestuudio.ee\/ru\/product\/onne-sunnipaevaks-m\/","title":{"rendered":"\u00d5hupall \u00d5nne s\u00fcnnip\u00e4evaks (M)"},"content":{"rendered":"","protected":false},"excerpt":{"rendered":"","protected":false},"featured_media":3274,"template":"","meta":{"_acf_changed":false},"product_brand":[],"product_cat":[164],"product_tag":[],"class_list":{"0":"post-1313","1":"product","2":"type-product","3":"status-publish","4":"has-post-thumbnail","6":"product_cat-heeliumiga-ohupallid","8":"first","9":"instock","10":"taxable","11":"shipping-taxable","12":"purchasable","13":"product-type-simple"},"acf":[],"_links":{"self":[{"href":"https:\/\/parnulillestuudio.ee\/ru\/wp-json\/wp\/v2\/product\/1313","targetHints":{"allow":["GET"]}}],"collection":[{"href":"https:\/\/parnulillestuudio.ee\/ru\/wp-json\/wp\/v2\/product"}],"about":[{"href":"https:\/\/parnulillestuudio.ee\/ru\/wp-json\/wp\/v2\/types\/product"}],"wp:featuredmedia":[{"embeddable":true,"href":"https:\/\/parnulillestuudio.ee\/ru\/wp-json\/wp\/v2\/media\/3274"}],"wp:attachment":[{"href":"https:\/\/parnulillestuudio.ee\/ru\/wp-json\/wp\/v2\/media?parent=1313"}],"wp:term":[{"taxonomy":"product_brand","embeddable":true,"href":"https:\/\/parnulillestuudio.ee\/ru\/wp-json\/wp\/v2\/product_brand?post=1313"},{"taxonomy":"product_cat","embeddable":true,"href":"https:\/\/parnulillestuudio.ee\/ru\/wp-json\/wp\/v2\/product_cat?post=1313"},{"taxonomy":"product_tag","embeddable":true,"href":"https:\/\/parnulillestuudio.ee\/ru\/wp-json\/wp\/v2\/product_tag?post=1313"}],"curies":[{"name":"wp","href":"https:\/\/api.w.org\/{rel}","templated":true}]}}