{"id":1287,"date":"2025-01-26T19:35:06","date_gmt":"2025-01-26T19:35:06","guid":{"rendered":"https:\/\/parnulillestuudio.ee\/product\/kaart-umbrik-vaike\/"},"modified":"2026-05-04T03:00:13","modified_gmt":"2026-05-04T00:00:13","slug":"kaart-umbrik-vaike","status":"publish","type":"product","link":"https:\/\/parnulillestuudio.ee\/ru\/product\/kaart-umbrik-vaike\/","title":{"rendered":"&#8212; V\u00e4ike \u00f5nnitluskaart + \u00fcmbrik"},"content":{"rendered":"","protected":false},"excerpt":{"rendered":"","protected":false},"featured_media":3475,"template":"","meta":{"_acf_changed":false},"product_brand":[],"product_cat":[156],"product_tag":[],"class_list":{"0":"post-1287","1":"product","2":"type-product","3":"status-publish","4":"has-post-thumbnail","6":"product_cat-paberid-ja-kiled-pakkematerjalid","8":"first","9":"instock","10":"taxable","11":"shipping-taxable","12":"purchasable","13":"product-type-simple"},"acf":[],"_links":{"self":[{"href":"https:\/\/parnulillestuudio.ee\/ru\/wp-json\/wp\/v2\/product\/1287","targetHints":{"allow":["GET"]}}],"collection":[{"href":"https:\/\/parnulillestuudio.ee\/ru\/wp-json\/wp\/v2\/product"}],"about":[{"href":"https:\/\/parnulillestuudio.ee\/ru\/wp-json\/wp\/v2\/types\/product"}],"wp:featuredmedia":[{"embeddable":true,"href":"https:\/\/parnulillestuudio.ee\/ru\/wp-json\/wp\/v2\/media\/3475"}],"wp:attachment":[{"href":"https:\/\/parnulillestuudio.ee\/ru\/wp-json\/wp\/v2\/media?parent=1287"}],"wp:term":[{"taxonomy":"product_brand","embeddable":true,"href":"https:\/\/parnulillestuudio.ee\/ru\/wp-json\/wp\/v2\/product_brand?post=1287"},{"taxonomy":"product_cat","embeddable":true,"href":"https:\/\/parnulillestuudio.ee\/ru\/wp-json\/wp\/v2\/product_cat?post=1287"},{"taxonomy":"product_tag","embeddable":true,"href":"https:\/\/parnulillestuudio.ee\/ru\/wp-json\/wp\/v2\/product_tag?post=1287"}],"curies":[{"name":"wp","href":"https:\/\/api.w.org\/{rel}","templated":true}]}}